{"id":3399,"date":"2024-08-16T11:27:57","date_gmt":"2024-08-16T09:27:57","guid":{"rendered":"https:\/\/www.bmhs-aktuell.at\/?page_id=3399"},"modified":"2024-09-16T13:24:19","modified_gmt":"2024-09-16T11:24:19","slug":"schuljahr-2024-2025","status":"publish","type":"page","link":"https:\/\/www.bmhs-aktuell.at\/?page_id=3399","title":{"rendered":"Schuljahr 2024\/2025"},"content":{"rendered":"<p>[et_pb_section fb_built=&#8221;1&#8243; _builder_version=&#8221;4.9.3&#8243; _module_preset=&#8221;default&#8221; custom_padding=&#8221;5px||20px||false|false&#8221; locked=&#8221;off&#8221;][et_pb_row _builder_version=&#8221;4.9.3&#8243; _module_preset=&#8221;default&#8221; width=&#8221;100%&#8221; module_alignment=&#8221;center&#8221; custom_padding=&#8221;0px||0px||false|false&#8221; locked=&#8221;off&#8221;][et_pb_column type=&#8221;4_4&#8243; _builder_version=&#8221;4.6.6&#8243; _module_preset=&#8221;default&#8221;][et_pb_text quote_border_color=&#8221;#55871E&#8221; _builder_version=&#8221;4.9.3&#8243; _module_preset=&#8221;default&#8221; text_font=&#8221;Roboto||||||||&#8221; custom_margin_tablet=&#8221;|||80px|false|false&#8221; custom_margin_phone=&#8221;&#8221; custom_margin_last_edited=&#8221;on|phone&#8221; custom_padding=&#8221;0px||0px||false|false&#8221; header_font_size_tablet=&#8221;&#8221; header_font_size_phone=&#8221;24px&#8221; header_font_size_last_edited=&#8221;on|phone&#8221; header_text_color__hover_enabled=&#8221;on|desktop&#8221;]<\/p>\n<blockquote>\n<h1><\/h1>\n<h1>Schuljahr 2024\/2025<\/h1>\n<\/blockquote>\n<p>[\/et_pb_text][\/et_pb_column][\/et_pb_row][et_pb_row _builder_version=&#8221;4.9.3&#8243; _module_preset=&#8221;default&#8221; width=&#8221;100%&#8221; max_width=&#8221;100%&#8221; module_alignment=&#8221;center&#8221; max_height=&#8221;1px&#8221; custom_margin=&#8221;|auto|-10px|auto||&#8221; custom_padding=&#8221;0px||0px||false|false&#8221; border_width_bottom=&#8221;1px&#8221; border_color_bottom=&#8221;#1E8784&#8243;][et_pb_column type=&#8221;4_4&#8243; _builder_version=&#8221;4.9.3&#8243; _module_preset=&#8221;default&#8221;][\/et_pb_column][\/et_pb_row][et_pb_row column_structure=&#8221;1_4,3_4&#8243; admin_label=&#8221;Class&#8221; _builder_version=&#8221;4.9.3&#8243; background_color=&#8221;#ffffff&#8221; custom_margin=&#8221;||50px||false|false&#8221; custom_padding=&#8221;|40px||40px&#8221; animation_style=&#8221;fade&#8221; border_radii=&#8221;on|6px|6px|6px|6px&#8221; box_shadow_style=&#8221;preset1&#8243; box_shadow_vertical=&#8221;10px&#8221; box_shadow_blur=&#8221;24px&#8221; box_shadow_spread=&#8221;6px&#8221; box_shadow_color=&#8221;rgba(0,0,0,0.06)&#8221;][et_pb_column type=&#8221;1_4&#8243; _builder_version=&#8221;3.25&#8243; custom_padding=&#8221;|||&#8221; custom_padding__hover=&#8221;|||&#8221;][et_pb_image src=&#8221;https:\/\/www.bmhs-aktuell.at\/wp-content\/uploads\/2021\/05\/info-31185_1280.png&#8221; title_text=&#8221;pin&#8221; _builder_version=&#8221;4.9.3&#8243; _module_preset=&#8221;default&#8221; width=&#8221;30%&#8221; width_tablet=&#8221;14%&#8221; width_phone=&#8221;20%&#8221; width_last_edited=&#8221;on|phone&#8221; module_alignment=&#8221;center&#8221; custom_margin=&#8221;||||false|false&#8221; custom_padding=&#8221;||||false|false&#8221; global_module=&#8221;1219&#8243;][\/et_pb_image][\/et_pb_column][et_pb_column type=&#8221;3_4&#8243; _builder_version=&#8221;3.25&#8243; custom_padding=&#8221;|||&#8221; custom_padding__hover=&#8221;|||&#8221;][et_pb_text _builder_version=&#8221;4.9.3&#8243; text_font=&#8221;Open Sans||||||||&#8221; text_text_color=&#8221;#486066&#8243; text_font_size=&#8221;15px&#8221; text_line_height=&#8221;1.8em&#8221; header_font=&#8221;||||||||&#8221; header_3_font=&#8221;Roboto|600|||||||&#8221; header_3_text_color=&#8221;#486066&#8243; header_3_font_size=&#8221;18px&#8221; header_3_line_height=&#8221;1.4em&#8221; header_4_font=&#8221;Roboto||||||||&#8221; hover_enabled=&#8221;0&#8243; locked=&#8221;off&#8221; sticky_enabled=&#8221;0&#8243;]<\/p>\n<h3 class=\"icon_box_heading\">Formular &#8211;\u00a0<i>Antrag auf Leistung aus dem \u201eK<\/i><span class=\"s1\"><i>ATASTROPHEN<\/i><\/span><i>-F<\/i><span class=\"s1\"><i>ONDS fu\u0308r <\/i><\/span><i>\u00d6GB<\/i><span class=\"s2\"><i>&#8211;<\/i><\/span><i>M<\/i><span class=\"s1\"><i>ITGLIEDER<\/i><\/span><i>\u201c<\/i><\/h3>\n<p>[\/et_pb_text][et_pb_text _builder_version=&#8221;4.9.3&#8243; _module_preset=&#8221;default&#8221; text_font=&#8221;Open Sans||||||||&#8221; hover_enabled=&#8221;0&#8243; button_text_color__hover=&#8221;#FFFFFF&#8221; button_text_color__hover_enabled=&#8221;on|hover&#8221; button_bg_color__hover=&#8221;#0097ca&#8221; button_bg_color__hover_enabled=&#8221;on|hover&#8221; sticky_enabled=&#8221;0&#8243;]<\/p>\n<div class=\"column\"><span><span>Das Team der FCG BMHS &amp; Unabh\u00e4ngige stellt hier das Formular &#8211; <\/span><\/span><i>Antrag auf Leistung aus dem \u201eK<\/i><span class=\"s1\"><i>ATASTROPHEN<\/i><\/span><i>-F<\/i><span class=\"s1\"><i>ONDS fu\u0308r <\/i><\/span><i>\u00d6GB<\/i><span class=\"s2\"><i>&#8211;<\/i><\/span><i>M<\/i><span class=\"s1\"><i>ITGLIEDER<\/i><\/span><i>\u201c <\/i>zum Download f\u00fcr vom Hochwasser betroffene Kolleginnen und Kollegen, die Gewerkschaftsmitglieder sind, zur Verf\u00fcgung.<\/div>\n<p>[\/et_pb_text][et_pb_button button_url=&#8221;https:\/\/www.bmhs-aktuell.at\/wp-content\/uploads\/2024\/09\/Formular-OeGB-Katastrophen-Fonds-RL.pdf&#8221; url_new_window=&#8221;on&#8221; button_text=&#8221;Antrag auf Leistung aus dem %22Katastrophen-Fonds f\u00fcr \u00d6GB-Mitglieder%22&#8243; button_alignment=&#8221;left&#8221; _builder_version=&#8221;4.9.3&#8243; _module_preset=&#8221;default&#8221; custom_button=&#8221;on&#8221; button_text_size=&#8221;14px&#8221; button_text_color=&#8221;#0097ca&#8221; button_border_color=&#8221;#0097ca&#8221; button_border_radius=&#8221;10px&#8221; button_font=&#8221;Poppins||||||||&#8221; hover_enabled=&#8221;0&#8243; locked=&#8221;off&#8221; button_text_color__hover_enabled=&#8221;on|hover&#8221; button_bg_color__hover_enabled=&#8221;on|hover&#8221; button_bg_color__hover=&#8221;#0097ca&#8221; button_bg_enable_color__hover=&#8221;on&#8221; button_text_color__hover=&#8221;#FFFFFF&#8221; sticky_enabled=&#8221;0&#8243;][\/et_pb_button][et_pb_text _builder_version=&#8221;4.9.3&#8243; text_font=&#8221;Open Sans||||||||&#8221; text_text_color=&#8221;#486066&#8243; text_font_size=&#8221;15px&#8221; text_line_height=&#8221;1.8em&#8221; header_font=&#8221;||||||||&#8221; header_3_font=&#8221;Roboto|600|||||||&#8221; header_3_text_color=&#8221;#486066&#8243; header_3_font_size=&#8221;18px&#8221; header_3_line_height=&#8221;1.4em&#8221; header_4_font=&#8221;Roboto||||||||&#8221; custom_padding=&#8221;||||false|false&#8221; locked=&#8221;off&#8221;]<\/p>\n<p class=\"icon_box_heading\"><span style=\"color: #008000;\"><strong><em>kompetent \u2013 verl\u00e4sslich \u2013 hilfsbereit \u2013 FCG-BMHS<\/em><\/strong><\/span><\/p>\n<p>[\/et_pb_text][\/et_pb_column][\/et_pb_row][et_pb_row column_structure=&#8221;1_4,3_4&#8243; admin_label=&#8221;Class&#8221; _builder_version=&#8221;4.9.3&#8243; background_color=&#8221;#ffffff&#8221; custom_margin=&#8221;||50px||false|false&#8221; custom_padding=&#8221;|40px||40px&#8221; animation_style=&#8221;fade&#8221; border_radii=&#8221;on|6px|6px|6px|6px&#8221; box_shadow_style=&#8221;preset1&#8243; box_shadow_vertical=&#8221;10px&#8221; box_shadow_blur=&#8221;24px&#8221; box_shadow_spread=&#8221;6px&#8221; box_shadow_color=&#8221;rgba(0,0,0,0.06)&#8221;][et_pb_column type=&#8221;1_4&#8243; _builder_version=&#8221;3.25&#8243; custom_padding=&#8221;|||&#8221; custom_padding__hover=&#8221;|||&#8221;][et_pb_image src=&#8221;https:\/\/www.bmhs-aktuell.at\/wp-content\/uploads\/2021\/05\/info-31185_1280.png&#8221; title_text=&#8221;pin&#8221; _builder_version=&#8221;4.9.3&#8243; _module_preset=&#8221;default&#8221; width=&#8221;30%&#8221; width_tablet=&#8221;14%&#8221; width_phone=&#8221;20%&#8221; width_last_edited=&#8221;on|phone&#8221; module_alignment=&#8221;center&#8221; custom_margin=&#8221;||||false|false&#8221; custom_padding=&#8221;||||false|false&#8221; global_module=&#8221;1219&#8243;][\/et_pb_image][\/et_pb_column][et_pb_column type=&#8221;3_4&#8243; _builder_version=&#8221;3.25&#8243; custom_padding=&#8221;|||&#8221; custom_padding__hover=&#8221;|||&#8221;][et_pb_text _builder_version=&#8221;4.9.3&#8243; text_font=&#8221;Open Sans||||||||&#8221; text_text_color=&#8221;#486066&#8243; text_font_size=&#8221;15px&#8221; text_line_height=&#8221;1.8em&#8221; header_font=&#8221;||||||||&#8221; header_3_font=&#8221;Roboto|600|||||||&#8221; header_3_text_color=&#8221;#486066&#8243; header_3_font_size=&#8221;18px&#8221; header_3_line_height=&#8221;1.4em&#8221; header_4_font=&#8221;Roboto||||||||&#8221; locked=&#8221;off&#8221;]<\/p>\n<h3 class=\"icon_box_heading\">Klassen- und Notenlisten<\/h3>\n<p>[\/et_pb_text][et_pb_text _builder_version=&#8221;4.9.3&#8243; _module_preset=&#8221;default&#8221; text_font=&#8221;Open Sans||||||||&#8221; button_text_color__hover=&#8221;#FFFFFF&#8221; button_text_color__hover_enabled=&#8221;on|hover&#8221; button_bg_color__hover=&#8221;#0097ca&#8221; button_bg_color__hover_enabled=&#8221;on|hover&#8221;]<\/p>\n<div class=\"column\"><span>Aus Gr\u00fcnden der Nachhaltigkeit steht eine Klassenliste \u2013 neben dem Jahresplaner (mit Kalenderwochenangabe) im PDF-Format \u2013 zum Download bereit und kann somit in der tats\u00e4chlich notwendigen Anzahl ausgedruckt werden.<\/span><\/div>\n<p>[\/et_pb_text][et_pb_button button_url=&#8221;https:\/\/www.bmhs-aktuell.at\/wp-content\/uploads\/2024\/08\/Klassenliste-fcg-bmhs.pdf&#8221; url_new_window=&#8221;on&#8221; button_text=&#8221;Klassen- bzw. Notenliste&#8221; button_alignment=&#8221;left&#8221; _builder_version=&#8221;4.9.3&#8243; _module_preset=&#8221;default&#8221; custom_button=&#8221;on&#8221; button_text_size=&#8221;14px&#8221; button_text_color=&#8221;#0097ca&#8221; button_border_color=&#8221;#0097ca&#8221; button_border_radius=&#8221;10px&#8221; button_font=&#8221;Poppins||||||||&#8221; locked=&#8221;off&#8221; button_text_color__hover_enabled=&#8221;on|hover&#8221; button_bg_color__hover_enabled=&#8221;on|hover&#8221; button_bg_color__hover=&#8221;#0097ca&#8221; button_bg_enable_color__hover=&#8221;on&#8221; button_text_color__hover=&#8221;#FFFFFF&#8221;][\/et_pb_button][et_pb_text _builder_version=&#8221;4.9.3&#8243; text_font=&#8221;Open Sans||||||||&#8221; text_text_color=&#8221;#486066&#8243; text_font_size=&#8221;15px&#8221; text_line_height=&#8221;1.8em&#8221; header_font=&#8221;||||||||&#8221; header_3_font=&#8221;Roboto|600|||||||&#8221; header_3_text_color=&#8221;#486066&#8243; header_3_font_size=&#8221;18px&#8221; header_3_line_height=&#8221;1.4em&#8221; header_4_font=&#8221;Roboto||||||||&#8221; custom_padding=&#8221;||||false|false&#8221; locked=&#8221;off&#8221;]<\/p>\n<p class=\"icon_box_heading\"><span style=\"color: #008000;\"><strong><em>kompetent \u2013 verl\u00e4sslich \u2013 hilfsbereit \u2013 FCG-BMHS<\/em><\/strong><\/span><\/p>\n<p>[\/et_pb_text][\/et_pb_column][\/et_pb_row][et_pb_row column_structure=&#8221;1_4,3_4&#8243; admin_label=&#8221;Class&#8221; _builder_version=&#8221;4.9.3&#8243; background_color=&#8221;#ffffff&#8221; custom_margin=&#8221;||50px||false|false&#8221; custom_padding=&#8221;|40px||40px&#8221; animation_style=&#8221;fade&#8221; border_radii=&#8221;on|6px|6px|6px|6px&#8221; box_shadow_style=&#8221;preset1&#8243; box_shadow_vertical=&#8221;10px&#8221; box_shadow_blur=&#8221;24px&#8221; box_shadow_spread=&#8221;6px&#8221; box_shadow_color=&#8221;rgba(0,0,0,0.06)&#8221;][et_pb_column type=&#8221;1_4&#8243; _builder_version=&#8221;3.25&#8243; custom_padding=&#8221;|||&#8221; custom_padding__hover=&#8221;|||&#8221;][et_pb_image src=&#8221;https:\/\/www.bmhs-aktuell.at\/wp-content\/uploads\/2021\/05\/info-31185_1280.png&#8221; title_text=&#8221;pin&#8221; _builder_version=&#8221;4.9.3&#8243; _module_preset=&#8221;default&#8221; width=&#8221;30%&#8221; width_tablet=&#8221;14%&#8221; width_phone=&#8221;20%&#8221; width_last_edited=&#8221;on|phone&#8221; module_alignment=&#8221;center&#8221; custom_margin=&#8221;||||false|false&#8221; custom_padding=&#8221;||||false|false&#8221; global_module=&#8221;1219&#8243;][\/et_pb_image][\/et_pb_column][et_pb_column type=&#8221;3_4&#8243; _builder_version=&#8221;3.25&#8243; custom_padding=&#8221;|||&#8221; custom_padding__hover=&#8221;|||&#8221;][et_pb_text _builder_version=&#8221;4.9.3&#8243; text_font=&#8221;Open Sans||||||||&#8221; text_text_color=&#8221;#486066&#8243; text_font_size=&#8221;15px&#8221; text_line_height=&#8221;1.8em&#8221; header_font=&#8221;||||||||&#8221; header_3_font=&#8221;Roboto|600|||||||&#8221; header_3_text_color=&#8221;#486066&#8243; header_3_font_size=&#8221;18px&#8221; header_3_line_height=&#8221;1.4em&#8221; header_4_font=&#8221;Roboto||||||||&#8221; locked=&#8221;off&#8221;]<\/p>\n<h3 class=\"icon_box_heading\">Kalender bzw. Jahresplaner f\u00fcr 2024\/25<\/h3>\n<p>[\/et_pb_text][et_pb_text _builder_version=&#8221;4.9.3&#8243; _module_preset=&#8221;default&#8221; text_font=&#8221;Open Sans||||||||&#8221; button_text_color__hover=&#8221;#FFFFFF&#8221; button_text_color__hover_enabled=&#8221;on|hover&#8221; button_bg_color__hover=&#8221;#0097ca&#8221; button_bg_color__hover_enabled=&#8221;on|hover&#8221;]<\/p>\n<div class=\"column\">Das Team der FCG-BMHS bietet selbstverst\u00e4ndlich auch f\u00fcr das Schuljahr 2024\/25 den Jahresplaner (mit Kalenderwochenangabe) im \u00fcbersichtlichen A3-Format als Jahres\u00fcbersicht bzw. als Monats\u00fcbersicht im A4-Format als PDF zum pers\u00f6nlichen Download und zum Ausdruck an.<\/div>\n<p>[\/et_pb_text][et_pb_button button_url=&#8221;@ET-DC@eyJkeW5hbWljIjp0cnVlLCJjb250ZW50IjoicG9zdF9saW5rX3VybF9hdHRhY2htZW50Iiwic2V0dGluZ3MiOnsicG9zdF9pZCI6IjM0MDUifX0=@&#8221; url_new_window=&#8221;on&#8221; button_text=&#8221;Kalender bzw. Jahresplaner 2024\/25 &#8211; Monats\u00fcbersicht&#8221; button_alignment=&#8221;left&#8221; _builder_version=&#8221;4.9.3&#8243; _dynamic_attributes=&#8221;button_url&#8221; _module_preset=&#8221;default&#8221; custom_button=&#8221;on&#8221; button_text_size=&#8221;14px&#8221; button_text_color=&#8221;#0097ca&#8221; button_border_color=&#8221;#0097ca&#8221; button_border_radius=&#8221;10px&#8221; button_font=&#8221;Poppins||||||||&#8221; locked=&#8221;off&#8221; button_text_color__hover_enabled=&#8221;on|hover&#8221; button_bg_color__hover_enabled=&#8221;on|hover&#8221; button_bg_color__hover=&#8221;#0097ca&#8221; button_bg_enable_color__hover=&#8221;on&#8221; button_text_color__hover=&#8221;#FFFFFF&#8221;][\/et_pb_button][et_pb_button button_url=&#8221;https:\/\/www.bmhs-aktuell.at\/wp-content\/uploads\/2024\/08\/GOeD_Kal_24-25_01.pdf&#8221; url_new_window=&#8221;on&#8221; button_text=&#8221;Kalender bzw. Jahresplaner 2024\/25 &#8211; Jahres\u00fcbersicht&#8221; button_alignment=&#8221;left&#8221; _builder_version=&#8221;4.9.3&#8243; _module_preset=&#8221;default&#8221; custom_button=&#8221;on&#8221; button_text_size=&#8221;14px&#8221; button_text_color=&#8221;#0097ca&#8221; button_border_color=&#8221;#0097ca&#8221; button_border_radius=&#8221;10px&#8221; button_font=&#8221;Poppins||||||||&#8221; locked=&#8221;off&#8221; button_text_color__hover_enabled=&#8221;on|hover&#8221; button_bg_color__hover_enabled=&#8221;on|hover&#8221; button_bg_color__hover=&#8221;#0097ca&#8221; button_bg_enable_color__hover=&#8221;on&#8221; button_text_color__hover=&#8221;#FFFFFF&#8221;][\/et_pb_button][et_pb_text _builder_version=&#8221;4.9.3&#8243; text_font=&#8221;Open Sans||||||||&#8221; text_text_color=&#8221;#486066&#8243; text_font_size=&#8221;15px&#8221; text_line_height=&#8221;1.8em&#8221; header_font=&#8221;||||||||&#8221; header_3_font=&#8221;Roboto|600|||||||&#8221; header_3_text_color=&#8221;#486066&#8243; header_3_font_size=&#8221;18px&#8221; header_3_line_height=&#8221;1.4em&#8221; header_4_font=&#8221;Roboto||||||||&#8221; custom_padding=&#8221;||||false|false&#8221; locked=&#8221;off&#8221;]<\/p>\n<p class=\"icon_box_heading\"><span style=\"color: #008000;\"><strong><em>kompetent \u2013 verl\u00e4sslich \u2013 hilfsbereit \u2013 FCG-BMHS<\/em><\/strong><\/span><\/p>\n<p>[\/et_pb_text][\/et_pb_column][\/et_pb_row][\/et_pb_section][et_pb_section fb_built=&#8221;1&#8243; _builder_version=&#8221;4.9.3&#8243; _module_preset=&#8221;default&#8221; custom_padding=&#8221;5px||20px||false|false&#8221;][et_pb_row column_structure=&#8221;1_4,3_4&#8243; admin_label=&#8221;Class&#8221; _builder_version=&#8221;4.9.3&#8243; background_color=&#8221;#ffffff&#8221; custom_margin=&#8221;||50px||false|false&#8221; custom_padding=&#8221;|40px||40px&#8221; animation_style=&#8221;fade&#8221; border_radii=&#8221;on|6px|6px|6px|6px&#8221; box_shadow_style=&#8221;preset1&#8243; box_shadow_vertical=&#8221;10px&#8221; box_shadow_blur=&#8221;24px&#8221; box_shadow_spread=&#8221;6px&#8221; box_shadow_color=&#8221;rgba(0,0,0,0.06)&#8221;][et_pb_column type=&#8221;1_4&#8243; _builder_version=&#8221;3.25&#8243; custom_padding=&#8221;|||&#8221; custom_padding__hover=&#8221;|||&#8221;][et_pb_image src=&#8221;https:\/\/www.bmhs-aktuell.at\/wp-content\/uploads\/2021\/05\/pins-1792325_1280-e1620110845835.png&#8221; align=&#8221;center&#8221; _builder_version=&#8221;4.9.3&#8243; _module_preset=&#8221;default&#8221; width=&#8221;40%&#8221; module_alignment=&#8221;center&#8221;][\/et_pb_image][\/et_pb_column][et_pb_column type=&#8221;3_4&#8243; _builder_version=&#8221;3.25&#8243; custom_padding=&#8221;|||&#8221; custom_padding__hover=&#8221;|||&#8221;][et_pb_text _builder_version=&#8221;4.9.3&#8243; text_font=&#8221;Open Sans||||||||&#8221; text_text_color=&#8221;#486066&#8243; text_font_size=&#8221;15px&#8221; text_line_height=&#8221;1.8em&#8221; header_font=&#8221;||||||||&#8221; header_3_font=&#8221;Roboto|600|||||||&#8221; header_3_text_color=&#8221;#486066&#8243; header_3_font_size=&#8221;18px&#8221; header_3_line_height=&#8221;1.4em&#8221; header_4_font=&#8221;Roboto||||||||&#8221; locked=&#8221;off&#8221;]<\/p>\n<h3 class=\"icon_box_heading\">Viel Erfolg im neuen Schuljahr 2024\/25<\/h3>\n<p>[\/et_pb_text][et_pb_text _builder_version=&#8221;4.9.3&#8243; _module_preset=&#8221;default&#8221; text_font=&#8221;Open Sans||||||||&#8221;]<\/p>\n<div class=\"column\">Das Team der FCG-BMHS w\u00fcnscht f\u00fcr das Schuljahr 2024\/25 alles Gute und viel Erfolg!<\/div>\n<p>[\/et_pb_text][et_pb_text _builder_version=&#8221;4.9.3&#8243; text_font=&#8221;Open Sans||||||||&#8221; text_text_color=&#8221;#486066&#8243; text_font_size=&#8221;15px&#8221; text_line_height=&#8221;1.8em&#8221; header_font=&#8221;||||||||&#8221; header_3_font=&#8221;Roboto|600|||||||&#8221; header_3_text_color=&#8221;#486066&#8243; header_3_font_size=&#8221;18px&#8221; header_3_line_height=&#8221;1.4em&#8221; header_4_font=&#8221;Roboto||||||||&#8221; custom_padding=&#8221;||||false|false&#8221; locked=&#8221;off&#8221;]<\/p>\n<p class=\"icon_box_heading\"><span style=\"color: #008000;\"><strong><em>kompetent \u2013 verl\u00e4sslich \u2013 hilfsbereit \u2013 FCG-BMHS<\/em><\/strong><\/span><\/p>\n<p>[\/et_pb_text][\/et_pb_column][\/et_pb_row][\/et_pb_section]<\/p>\n","protected":false},"excerpt":{"rendered":"<p>[et_pb_section fb_built=&#8221;1&#8243; _builder_version=&#8221;4.9.3&#8243; _module_preset=&#8221;default&#8221; custom_padding=&#8221;5px||20px||false|false&#8221; locked=&#8221;off&#8221;][et_pb_row _builder_version=&#8221;4.9.3&#8243; _module_preset=&#8221;default&#8221; width=&#8221;100%&#8221; module_alignment=&#8221;center&#8221; custom_padding=&#8221;0px||0px||false|false&#8221; locked=&#8221;off&#8221;][et_pb_column type=&#8221;4_4&#8243; _builder_version=&#8221;4.6.6&#8243; _module_preset=&#8221;default&#8221;][et_pb_text quote_border_color=&#8221;#55871E&#8221; _builder_version=&#8221;4.9.3&#8243; _module_preset=&#8221;default&#8221; text_font=&#8221;Roboto||||||||&#8221; custom_margin_tablet=&#8221;|||80px|false|false&#8221; custom_margin_phone=&#8221;&#8221; custom_margin_last_edited=&#8221;on|phone&#8221; custom_padding=&#8221;0px||0px||false|false&#8221; header_font_size_tablet=&#8221;&#8221; header_font_size_phone=&#8221;24px&#8221; header_font_size_last_edited=&#8221;on|phone&#8221; header_text_color__hover_enabled=&#8221;on|desktop&#8221;] Schuljahr 2024\/2025 [\/et_pb_text][\/et_pb_column][\/et_pb_row][et_pb_row [&hellip;]<\/p>\n","protected":false},"author":2,"featured_media":0,"parent":0,"menu_order":0,"comment_status":"closed","ping_status":"closed","template":"","meta":{"_et_pb_use_builder":"on","_et_pb_old_content":"","_et_gb_content_width":"","_price":"","_stock":"","_tribe_ticket_header":"","_tribe_default_ticket_provider":"","_tribe_ticket_capacity":"0","_ticket_start_date":"","_ticket_end_date":"","_tribe_ticket_show_description":"","_tribe_ticket_show_not_going":false,"_tribe_ticket_use_global_stock":"","_tribe_ticket_global_stock_level":"","_global_stock_mode":"","_global_stock_cap":"","_tribe_rsvp_for_event":"","_tribe_ticket_going_count":"","_tribe_ticket_not_going_count":"","_tribe_tickets_list":[],"_tribe_ticket_has_attendee_info_fields":false,"footnotes":""},"class_list":["post-3399","page","type-page","status-publish","hentry"],"ticketed":false,"_links":{"self":[{"href":"https:\/\/www.bmhs-aktuell.at\/index.php?rest_route=\/wp\/v2\/pages\/3399","targetHints":{"allow":["GET"]}}],"collection":[{"href":"https:\/\/www.bmhs-aktuell.at\/index.php?rest_route=\/wp\/v2\/pages"}],"about":[{"href":"https:\/\/www.bmhs-aktuell.at\/index.php?rest_route=\/wp\/v2\/types\/page"}],"author":[{"embeddable":true,"href":"https:\/\/www.bmhs-aktuell.at\/index.php?rest_route=\/wp\/v2\/users\/2"}],"replies":[{"embeddable":true,"href":"https:\/\/www.bmhs-aktuell.at\/index.php?rest_route=%2Fwp%2Fv2%2Fcomments&post=3399"}],"version-history":[{"count":10,"href":"https:\/\/www.bmhs-aktuell.at\/index.php?rest_route=\/wp\/v2\/pages\/3399\/revisions"}],"predecessor-version":[{"id":3566,"href":"https:\/\/www.bmhs-aktuell.at\/index.php?rest_route=\/wp\/v2\/pages\/3399\/revisions\/3566"}],"wp:attachment":[{"href":"https:\/\/www.bmhs-aktuell.at\/index.php?rest_route=%2Fwp%2Fv2%2Fmedia&parent=3399"}],"curies":[{"name":"wp","href":"https:\/\/api.w.org\/{rel}","templated":true}]}}