{"id":2466,"date":"2023-10-02T13:13:00","date_gmt":"2023-10-02T11:13:00","guid":{"rendered":"https:\/\/www.bmhs-aktuell.at\/?page_id=2466"},"modified":"2024-04-26T14:12:08","modified_gmt":"2024-04-26T12:12:08","slug":"fcg-aktuell-2023-2024","status":"publish","type":"page","link":"https:\/\/www.bmhs-aktuell.at\/?page_id=2466","title":{"rendered":"FCG-Aktuell 2023\/2024"},"content":{"rendered":"<p>[et_pb_section fb_built=&#8221;1&#8243; _builder_version=&#8221;4.9.3&#8243; _module_preset=&#8221;default&#8221; custom_padding=&#8221;5px||0px||false|false&#8221; locked=&#8221;off&#8221;][et_pb_row _builder_version=&#8221;4.9.3&#8243; _module_preset=&#8221;default&#8221; width=&#8221;100%&#8221; module_alignment=&#8221;center&#8221; custom_padding=&#8221;0px||0px||false|false&#8221; locked=&#8221;off&#8221;][et_pb_column type=&#8221;4_4&#8243; _builder_version=&#8221;4.6.6&#8243; _module_preset=&#8221;default&#8221;][et_pb_text quote_border_color=&#8221;#55871E&#8221; _builder_version=&#8221;4.9.3&#8243; _module_preset=&#8221;default&#8221; text_font=&#8221;Roboto||||||||&#8221; custom_margin_tablet=&#8221;|||80px|false|false&#8221; custom_margin_phone=&#8221;&#8221; custom_margin_last_edited=&#8221;on|phone&#8221; custom_padding=&#8221;0px||0px||false|false&#8221; header_font_size_tablet=&#8221;&#8221; header_font_size_phone=&#8221;24px&#8221; header_font_size_last_edited=&#8221;on|phone&#8221; header_text_color__hover_enabled=&#8221;on|desktop&#8221;]<\/p>\n<blockquote>\n<h1><strong><\/strong><\/h1>\n<h1>FCG-Aktuell 2023\/2024<\/h1>\n<\/blockquote>\n<p>[\/et_pb_text][\/et_pb_column][\/et_pb_row][et_pb_row _builder_version=&#8221;4.9.3&#8243; _module_preset=&#8221;default&#8221; width=&#8221;100%&#8221; max_width=&#8221;100%&#8221; module_alignment=&#8221;center&#8221; max_height=&#8221;1px&#8221; custom_padding=&#8221;0px||0px||false|false&#8221; border_width_bottom=&#8221;1px&#8221; border_color_bottom=&#8221;#1E8784&#8243;][et_pb_column type=&#8221;4_4&#8243; _builder_version=&#8221;4.9.3&#8243; _module_preset=&#8221;default&#8221;][\/et_pb_column][\/et_pb_row][\/et_pb_section][et_pb_section fb_built=&#8221;1&#8243; admin_label=&#8221;Classes Section&#8221; _builder_version=&#8221;4.9.3&#8243; background_color=&#8221;#fafbfc&#8221; custom_padding=&#8221;20px|0px|0px|0px|false|false&#8221; locked=&#8221;off&#8221;][et_pb_row column_structure=&#8221;1_4,1_2,1_4&#8243; admin_label=&#8221;Class&#8221; _builder_version=&#8221;3.25&#8243; background_color=&#8221;#ffffff&#8221; custom_margin=&#8221;||60px|&#8221; custom_padding=&#8221;|40px||40px&#8221; animation_style=&#8221;fade&#8221; border_radii=&#8221;on|6px|6px|6px|6px&#8221; box_shadow_style=&#8221;preset1&#8243; box_shadow_vertical=&#8221;10px&#8221; box_shadow_blur=&#8221;24px&#8221; box_shadow_spread=&#8221;6px&#8221; box_shadow_color=&#8221;rgba(0,0,0,0.06)&#8221; locked=&#8221;off&#8221;][et_pb_column type=&#8221;1_4&#8243; _builder_version=&#8221;3.25&#8243; custom_padding=&#8221;|||&#8221; custom_padding__hover=&#8221;|||&#8221;][et_pb_image src=&#8221;https:\/\/www.bmhs-aktuell.at\/wp-content\/uploads\/2021\/05\/pins-1792325_1280-e1620110845835.png&#8221; title_text=&#8221;pin&#8221; _builder_version=&#8221;4.9.3&#8243; _module_preset=&#8221;default&#8221; width=&#8221;50%&#8221; width_tablet=&#8221;20%&#8221; width_phone=&#8221;&#8221; width_last_edited=&#8221;on|phone&#8221; module_alignment=&#8221;center&#8221; global_module=&#8221;1239&#8243;][\/et_pb_image][\/et_pb_column][et_pb_column type=&#8221;1_2&#8243; _builder_version=&#8221;3.25&#8243; custom_padding=&#8221;|||&#8221; custom_padding__hover=&#8221;|||&#8221;][et_pb_text _builder_version=&#8221;4.9.3&#8243; text_font=&#8221;Open Sans||||||||&#8221; text_text_color=&#8221;#486066&#8243; text_font_size=&#8221;15px&#8221; text_line_height=&#8221;1.8em&#8221; header_font=&#8221;||||||||&#8221; header_3_font=&#8221;Roboto|600|||||||&#8221; header_3_text_color=&#8221;#486066&#8243; header_3_font_size=&#8221;18px&#8221; header_3_line_height=&#8221;1.4em&#8221; header_4_font=&#8221;Roboto||||||||&#8221; custom_padding=&#8221;20px||||false|false&#8221; hover_enabled=&#8221;0&#8243; locked=&#8221;off&#8221; sticky_enabled=&#8221;0&#8243;]<\/p>\n<h3 class=\"icon_box_heading\">FCG Aktuell &#8211; April 2024<\/h3>\n<p>[\/et_pb_text][et_pb_text _builder_version=&#8221;4.9.3&#8243; text_font=&#8221;Open Sans||||||||&#8221; hover_enabled=&#8221;0&#8243; locked=&#8221;off&#8221; sticky_enabled=&#8221;0&#8243;]<\/p>\n<p><span>Das Team der FCG BMHS und Unabh\u00e4ngige informiert in dieser Ausgabe u.a. \u00fcber \u00c4nderungen in der Ausbildung von Lehrerinnen und Lehrern, die Vereinbarkeit von Famile und Beruf und pr\u00e4sentiert News zur Besoldung und Pension f\u00fcr 2024. Au\u00dferdem gibt es erg\u00e4nzende Informationen zur Befristung von Vertr\u00e4gen. Als dienstrechtliches Thema wird auf die Parteistellung im Planstellenbesetzungsverfahren eingegangen.<\/span><\/p>\n<p>[\/et_pb_text][et_pb_text _builder_version=&#8221;4.9.3&#8243; text_font=&#8221;Open Sans||||||||&#8221; text_text_color=&#8221;#486066&#8243; text_font_size=&#8221;15px&#8221; text_line_height=&#8221;1.8em&#8221; header_font=&#8221;||||||||&#8221; header_3_font=&#8221;Roboto|600|||||||&#8221; header_3_text_color=&#8221;#486066&#8243; header_3_font_size=&#8221;18px&#8221; header_3_line_height=&#8221;1.4em&#8221; header_4_font=&#8221;Roboto||||||||&#8221; custom_padding=&#8221;||||false|false&#8221; locked=&#8221;off&#8221;]<\/p>\n<p class=\"icon_box_heading\"><span style=\"color: #008000;\"><strong><em>Team FCG und Unabh\u00e4ngige<span style=\"color: #008000;\"> \u2013 JEDEN Tag f\u00fcr SIE im Einsatz<\/span><\/em><\/strong><\/span><\/p>\n<p>[\/et_pb_text][\/et_pb_column][et_pb_column type=&#8221;1_4&#8243; _builder_version=&#8221;3.25&#8243; custom_padding=&#8221;|||&#8221; custom_padding__hover=&#8221;|||&#8221;][et_pb_button button_url=&#8221;https:\/\/www.bmhs-aktuell.at\/wp-content\/uploads\/2024\/04\/FCG_Folder_2024-04_2_MON.pdf&#8221; url_new_window=&#8221;on&#8221; button_text=&#8221;FCG-Aktuell &#8211; April 2024&#8243; button_alignment=&#8221;center&#8221; _builder_version=&#8221;4.9.3&#8243; _module_preset=&#8221;default&#8221; custom_button=&#8221;on&#8221; button_text_size=&#8221;14px&#8221; button_text_color=&#8221;#1E8784&#8243; button_border_color=&#8221;#55871E&#8221; button_border_radius=&#8221;80px&#8221; button_font=&#8221;Poppins||||||||&#8221; button_icon=&#8221;%%215%%&#8221; button_icon_placement=&#8221;left&#8221; button_on_hover=&#8221;off&#8221; custom_margin=&#8221;90px||||false|false&#8221; custom_margin_tablet=&#8221;0px||||false|false&#8221; custom_margin_phone=&#8221;&#8221; custom_margin_last_edited=&#8221;on|phone&#8221; custom_padding=&#8221;|20px||25px|false|false&#8221; hover_enabled=&#8221;0&#8243; sticky_enabled=&#8221;0&#8243;][\/et_pb_button][\/et_pb_column][\/et_pb_row][et_pb_row column_structure=&#8221;1_4,1_2,1_4&#8243; admin_label=&#8221;Class&#8221; _builder_version=&#8221;3.25&#8243; background_color=&#8221;#ffffff&#8221; custom_margin=&#8221;||60px|&#8221; custom_padding=&#8221;|40px||40px&#8221; animation_style=&#8221;fade&#8221; border_radii=&#8221;on|6px|6px|6px|6px&#8221; box_shadow_style=&#8221;preset1&#8243; box_shadow_vertical=&#8221;10px&#8221; box_shadow_blur=&#8221;24px&#8221; box_shadow_spread=&#8221;6px&#8221; box_shadow_color=&#8221;rgba(0,0,0,0.06)&#8221; locked=&#8221;off&#8221;][et_pb_column type=&#8221;1_4&#8243; _builder_version=&#8221;3.25&#8243; custom_padding=&#8221;|||&#8221; custom_padding__hover=&#8221;|||&#8221;][et_pb_image src=&#8221;https:\/\/www.bmhs-aktuell.at\/wp-content\/uploads\/2021\/05\/pins-1792325_1280-e1620110845835.png&#8221; title_text=&#8221;pin&#8221; _builder_version=&#8221;4.9.3&#8243; _module_preset=&#8221;default&#8221; width=&#8221;50%&#8221; width_tablet=&#8221;20%&#8221; width_phone=&#8221;&#8221; width_last_edited=&#8221;on|phone&#8221; module_alignment=&#8221;center&#8221; global_module=&#8221;1239&#8243;][\/et_pb_image][\/et_pb_column][et_pb_column type=&#8221;1_2&#8243; _builder_version=&#8221;3.25&#8243; custom_padding=&#8221;|||&#8221; custom_padding__hover=&#8221;|||&#8221;][et_pb_text _builder_version=&#8221;4.9.3&#8243; text_font=&#8221;Open Sans||||||||&#8221; text_text_color=&#8221;#486066&#8243; text_font_size=&#8221;15px&#8221; text_line_height=&#8221;1.8em&#8221; header_font=&#8221;||||||||&#8221; header_3_font=&#8221;Roboto|600|||||||&#8221; header_3_text_color=&#8221;#486066&#8243; header_3_font_size=&#8221;18px&#8221; header_3_line_height=&#8221;1.4em&#8221; header_4_font=&#8221;Roboto||||||||&#8221; custom_padding=&#8221;20px||||false|false&#8221; locked=&#8221;off&#8221;]<\/p>\n<h3 class=\"icon_box_heading\">FCG Aktuell &#8211; J\u00e4nner 2024<\/h3>\n<p>[\/et_pb_text][et_pb_text _builder_version=&#8221;4.9.3&#8243; text_font=&#8221;Open Sans||||||||&#8221; hover_enabled=&#8221;0&#8243; locked=&#8221;off&#8221; sticky_enabled=&#8221;0&#8243;]<\/p>\n<p><span>Das Team der FCG BMHS und Unabh\u00e4ngige informiert in dieser Ausgabe u.a. \u00fcber \u00c4nderungen in der Ausbildung von Lehrerinnen und Lehrern, der Valorisierung der Familienleistungen, mit News zur Besoldung und Pension f\u00fc 2024. Au\u00dferdem gibt es erg\u00e4nzende Informationen zur 23. und 24. Stunde im PD-Schema. Als dienstrechtliches Thema wird auf die Dienstzeit eingegangen.<\/span><\/p>\n<p>[\/et_pb_text][et_pb_text _builder_version=&#8221;4.9.3&#8243; text_font=&#8221;Open Sans||||||||&#8221; text_text_color=&#8221;#486066&#8243; text_font_size=&#8221;15px&#8221; text_line_height=&#8221;1.8em&#8221; header_font=&#8221;||||||||&#8221; header_3_font=&#8221;Roboto|600|||||||&#8221; header_3_text_color=&#8221;#486066&#8243; header_3_font_size=&#8221;18px&#8221; header_3_line_height=&#8221;1.4em&#8221; header_4_font=&#8221;Roboto||||||||&#8221; custom_padding=&#8221;||||false|false&#8221; locked=&#8221;off&#8221;]<\/p>\n<p class=\"icon_box_heading\"><span style=\"color: #008000;\"><strong><em>Team FCG und Unabh\u00e4ngige<span style=\"color: #008000;\"> \u2013 JEDEN Tag f\u00fcr SIE im Einsatz<\/span><\/em><\/strong><\/span><\/p>\n<p>[\/et_pb_text][\/et_pb_column][et_pb_column type=&#8221;1_4&#8243; _builder_version=&#8221;3.25&#8243; custom_padding=&#8221;|||&#8221; custom_padding__hover=&#8221;|||&#8221;][et_pb_button button_url=&#8221;https:\/\/www.bmhs-aktuell.at\/wp-content\/uploads\/2024\/02\/FCG_Folder_2024-01_MON-1.pdf&#8221; url_new_window=&#8221;on&#8221; button_text=&#8221;FCG-Aktuell &#8211; J\u00e4nner 2024&#8243; button_alignment=&#8221;center&#8221; _builder_version=&#8221;4.9.3&#8243; _module_preset=&#8221;default&#8221; custom_button=&#8221;on&#8221; button_text_size=&#8221;14px&#8221; button_text_color=&#8221;#1E8784&#8243; button_border_color=&#8221;#55871E&#8221; button_border_radius=&#8221;80px&#8221; button_font=&#8221;Poppins||||||||&#8221; button_icon=&#8221;%%215%%&#8221; button_icon_placement=&#8221;left&#8221; button_on_hover=&#8221;off&#8221; custom_margin=&#8221;90px||||false|false&#8221; custom_margin_tablet=&#8221;0px||||false|false&#8221; custom_margin_phone=&#8221;&#8221; custom_margin_last_edited=&#8221;on|phone&#8221; custom_padding=&#8221;|20px||25px|false|false&#8221;][\/et_pb_button][\/et_pb_column][\/et_pb_row][et_pb_row column_structure=&#8221;1_4,1_2,1_4&#8243; admin_label=&#8221;Class&#8221; _builder_version=&#8221;3.25&#8243; background_color=&#8221;#ffffff&#8221; custom_margin=&#8221;||60px|&#8221; custom_padding=&#8221;|40px||40px&#8221; animation_style=&#8221;fade&#8221; border_radii=&#8221;on|6px|6px|6px|6px&#8221; box_shadow_style=&#8221;preset1&#8243; box_shadow_vertical=&#8221;10px&#8221; box_shadow_blur=&#8221;24px&#8221; box_shadow_spread=&#8221;6px&#8221; box_shadow_color=&#8221;rgba(0,0,0,0.06)&#8221; locked=&#8221;off&#8221;][et_pb_column type=&#8221;1_4&#8243; _builder_version=&#8221;3.25&#8243; custom_padding=&#8221;|||&#8221; custom_padding__hover=&#8221;|||&#8221;][et_pb_image src=&#8221;https:\/\/www.bmhs-aktuell.at\/wp-content\/uploads\/2021\/05\/pins-1792325_1280-e1620110845835.png&#8221; title_text=&#8221;pin&#8221; _builder_version=&#8221;4.9.3&#8243; _module_preset=&#8221;default&#8221; width=&#8221;50%&#8221; width_tablet=&#8221;20%&#8221; width_phone=&#8221;&#8221; width_last_edited=&#8221;on|phone&#8221; module_alignment=&#8221;center&#8221; global_module=&#8221;1239&#8243;][\/et_pb_image][\/et_pb_column][et_pb_column type=&#8221;1_2&#8243; _builder_version=&#8221;3.25&#8243; custom_padding=&#8221;|||&#8221; custom_padding__hover=&#8221;|||&#8221;][et_pb_text _builder_version=&#8221;4.9.3&#8243; text_font=&#8221;Open Sans||||||||&#8221; text_text_color=&#8221;#486066&#8243; text_font_size=&#8221;15px&#8221; text_line_height=&#8221;1.8em&#8221; header_font=&#8221;||||||||&#8221; header_3_font=&#8221;Roboto|600|||||||&#8221; header_3_text_color=&#8221;#486066&#8243; header_3_font_size=&#8221;18px&#8221; header_3_line_height=&#8221;1.4em&#8221; header_4_font=&#8221;Roboto||||||||&#8221; custom_padding=&#8221;20px||||false|false&#8221; locked=&#8221;off&#8221;]<\/p>\n<h3 class=\"icon_box_heading\">FCG Aktuell &#8211; Herbst 2023<\/h3>\n<p>[\/et_pb_text][et_pb_text _builder_version=&#8221;4.9.3&#8243; text_font=&#8221;Open Sans||||||||&#8221; locked=&#8221;off&#8221;]<\/p>\n<p><span>Das Team der FCG BMHS informiert in dieser Aufgabe u.a. \u00fcber die Induktionsphase f\u00fcr Neulehrerinnnen und -lehrer, berichtet \u00fcber ausgew\u00e4hlte Judikate sowie \u00fcber die IBW-Studie 2020. Als Fortsetzung wird auch im Teil 2 die Reisegeb\u00fchrenvorschrift sowie Pendlerpauschale thematisiert.\u00a0<\/span><\/p>\n<p>[\/et_pb_text][et_pb_text _builder_version=&#8221;4.9.3&#8243; text_font=&#8221;Open Sans||||||||&#8221; text_text_color=&#8221;#486066&#8243; text_font_size=&#8221;15px&#8221; text_line_height=&#8221;1.8em&#8221; header_font=&#8221;||||||||&#8221; header_3_font=&#8221;Roboto|600|||||||&#8221; header_3_text_color=&#8221;#486066&#8243; header_3_font_size=&#8221;18px&#8221; header_3_line_height=&#8221;1.4em&#8221; header_4_font=&#8221;Roboto||||||||&#8221; custom_padding=&#8221;||||false|false&#8221; locked=&#8221;off&#8221;]<\/p>\n<p class=\"icon_box_heading\"><span style=\"color: #008000;\"><strong><em>Team FCG und Unabh\u00e4ngige<span style=\"color: #008000;\"> \u2013 JEDEN Tag f\u00fcr SIE im Einsatz<\/span><\/em><\/strong><\/span><\/p>\n<p>[\/et_pb_text][\/et_pb_column][et_pb_column type=&#8221;1_4&#8243; _builder_version=&#8221;3.25&#8243; custom_padding=&#8221;|||&#8221; custom_padding__hover=&#8221;|||&#8221;][et_pb_button button_url=&#8221;https:\/\/www.bmhs-aktuell.at\/wp-content\/uploads\/2023\/10\/FCG_Folder_2023-10_MON.pdf&#8221; url_new_window=&#8221;on&#8221; button_text=&#8221;FCG-Aktuell &#8211; Herbst 2023&#8243; button_alignment=&#8221;center&#8221; _builder_version=&#8221;4.9.3&#8243; _module_preset=&#8221;default&#8221; custom_button=&#8221;on&#8221; button_text_size=&#8221;14px&#8221; button_text_color=&#8221;#1E8784&#8243; button_border_color=&#8221;#55871E&#8221; button_border_radius=&#8221;80px&#8221; button_font=&#8221;Poppins||||||||&#8221; button_icon=&#8221;%%215%%&#8221; button_icon_placement=&#8221;left&#8221; button_on_hover=&#8221;off&#8221; custom_margin=&#8221;90px||||false|false&#8221; custom_margin_tablet=&#8221;0px||||false|false&#8221; custom_margin_phone=&#8221;&#8221; custom_margin_last_edited=&#8221;on|phone&#8221; custom_padding=&#8221;|20px||25px|false|false&#8221;][\/et_pb_button][\/et_pb_column][\/et_pb_row][\/et_pb_section]<\/p>\n","protected":false},"excerpt":{"rendered":"<p>[et_pb_section fb_built=&#8221;1&#8243; _builder_version=&#8221;4.9.3&#8243; _module_preset=&#8221;default&#8221; custom_padding=&#8221;5px||0px||false|false&#8221; locked=&#8221;off&#8221;][et_pb_row _builder_version=&#8221;4.9.3&#8243; _module_preset=&#8221;default&#8221; width=&#8221;100%&#8221; module_alignment=&#8221;center&#8221; custom_padding=&#8221;0px||0px||false|false&#8221; locked=&#8221;off&#8221;][et_pb_column type=&#8221;4_4&#8243; _builder_version=&#8221;4.6.6&#8243; _module_preset=&#8221;default&#8221;][et_pb_text quote_border_color=&#8221;#55871E&#8221; _builder_version=&#8221;4.9.3&#8243; _module_preset=&#8221;default&#8221; text_font=&#8221;Roboto||||||||&#8221; custom_margin_tablet=&#8221;|||80px|false|false&#8221; custom_margin_phone=&#8221;&#8221; custom_margin_last_edited=&#8221;on|phone&#8221; custom_padding=&#8221;0px||0px||false|false&#8221; header_font_size_tablet=&#8221;&#8221; header_font_size_phone=&#8221;24px&#8221; header_font_size_last_edited=&#8221;on|phone&#8221; header_text_color__hover_enabled=&#8221;on|desktop&#8221;] FCG-Aktuell 2023\/2024 [\/et_pb_text][\/et_pb_column][\/et_pb_row][et_pb_row [&hellip;]<\/p>\n","protected":false},"author":2,"featured_media":0,"parent":0,"menu_order":0,"comment_status":"closed","ping_status":"closed","template":"","meta":{"_et_pb_use_builder":"on","_et_pb_old_content":"","_et_gb_content_width":"","_price":"","_stock":"","_tribe_ticket_header":"","_tribe_default_ticket_provider":"","_tribe_ticket_capacity":"0","_ticket_start_date":"","_ticket_end_date":"","_tribe_ticket_show_description":"","_tribe_ticket_show_not_going":false,"_tribe_ticket_use_global_stock":"","_tribe_ticket_global_stock_level":"","_global_stock_mode":"","_global_stock_cap":"","_tribe_rsvp_for_event":"","_tribe_ticket_going_count":"","_tribe_ticket_not_going_count":"","_tribe_tickets_list":[],"_tribe_ticket_has_attendee_info_fields":false,"footnotes":""},"class_list":["post-2466","page","type-page","status-publish","hentry"],"ticketed":false,"_links":{"self":[{"href":"https:\/\/www.bmhs-aktuell.at\/index.php?rest_route=\/wp\/v2\/pages\/2466","targetHints":{"allow":["GET"]}}],"collection":[{"href":"https:\/\/www.bmhs-aktuell.at\/index.php?rest_route=\/wp\/v2\/pages"}],"about":[{"href":"https:\/\/www.bmhs-aktuell.at\/index.php?rest_route=\/wp\/v2\/types\/page"}],"author":[{"embeddable":true,"href":"https:\/\/www.bmhs-aktuell.at\/index.php?rest_route=\/wp\/v2\/users\/2"}],"replies":[{"embeddable":true,"href":"https:\/\/www.bmhs-aktuell.at\/index.php?rest_route=%2Fwp%2Fv2%2Fcomments&post=2466"}],"version-history":[{"count":7,"href":"https:\/\/www.bmhs-aktuell.at\/index.php?rest_route=\/wp\/v2\/pages\/2466\/revisions"}],"predecessor-version":[{"id":3283,"href":"https:\/\/www.bmhs-aktuell.at\/index.php?rest_route=\/wp\/v2\/pages\/2466\/revisions\/3283"}],"wp:attachment":[{"href":"https:\/\/www.bmhs-aktuell.at\/index.php?rest_route=%2Fwp%2Fv2%2Fmedia&parent=2466"}],"curies":[{"name":"wp","href":"https:\/\/api.w.org\/{rel}","templated":true}]}}