{"id":1293,"date":"2021-05-04T12:59:30","date_gmt":"2021-05-04T10:59:30","guid":{"rendered":"http:\/\/www.bmhs-aktuell.consapption.at\/?page_id=1293"},"modified":"2021-10-12T22:47:04","modified_gmt":"2021-10-12T20:47:04","slug":"burgenland","status":"publish","type":"page","link":"https:\/\/www.bmhs-aktuell.at\/?page_id=1293","title":{"rendered":"Burgenland"},"content":{"rendered":"<p>[et_pb_section fb_built=&#8221;1&#8243; _builder_version=&#8221;4.9.3&#8243; _module_preset=&#8221;default&#8221; custom_padding=&#8221;5px||0px||false|false&#8221; locked=&#8221;off&#8221;][et_pb_row _builder_version=&#8221;4.9.3&#8243; _module_preset=&#8221;default&#8221; width=&#8221;100%&#8221; module_alignment=&#8221;center&#8221; custom_padding=&#8221;0px||0px||false|false&#8221; locked=&#8221;off&#8221;][et_pb_column type=&#8221;4_4&#8243; _builder_version=&#8221;4.6.6&#8243; _module_preset=&#8221;default&#8221;][et_pb_text quote_border_color=&#8221;#55871E&#8221; _builder_version=&#8221;4.9.3&#8243; _module_preset=&#8221;default&#8221; text_font=&#8221;Roboto||||||||&#8221; custom_margin_tablet=&#8221;|||80px|false|false&#8221; custom_margin_phone=&#8221;&#8221; custom_margin_last_edited=&#8221;on|phone&#8221; custom_padding=&#8221;0px||0px||false|false&#8221; header_font_size_tablet=&#8221;&#8221; header_font_size_phone=&#8221;24px&#8221; header_font_size_last_edited=&#8221;on|phone&#8221; header_text_color__hover_enabled=&#8221;on|desktop&#8221;]<\/p>\n<blockquote>\n<h1><strong><\/strong><\/h1>\n<h1>Burgenland<\/h1>\n<\/blockquote>\n<p>[\/et_pb_text][\/et_pb_column][\/et_pb_row][et_pb_row _builder_version=&#8221;4.9.3&#8243; _module_preset=&#8221;default&#8221; width=&#8221;100%&#8221; max_width=&#8221;100%&#8221; module_alignment=&#8221;center&#8221; max_height=&#8221;1px&#8221; custom_padding=&#8221;0px||0px||false|false&#8221; border_width_bottom=&#8221;1px&#8221; border_color_bottom=&#8221;#1E8784&#8243;][et_pb_column type=&#8221;4_4&#8243; _builder_version=&#8221;4.9.3&#8243; _module_preset=&#8221;default&#8221;][\/et_pb_column][\/et_pb_row][\/et_pb_section][et_pb_section fb_built=&#8221;1&#8243; admin_label=&#8221;Classes Section&#8221; _builder_version=&#8221;4.9.3&#8243; background_color=&#8221;#fafbfc&#8221; custom_padding=&#8221;20px|0px|0px|0px|false|false&#8221; locked=&#8221;off&#8221;][et_pb_row admin_label=&#8221;Class&#8221; _builder_version=&#8221;4.9.3&#8243; background_color=&#8221;#ffffff&#8221; custom_margin=&#8221;||20px||false|false&#8221; custom_padding=&#8221;|40px||40px&#8221; animation_style=&#8221;fade&#8221; border_radii=&#8221;on|6px|6px|6px|6px&#8221; box_shadow_style=&#8221;preset1&#8243; box_shadow_vertical=&#8221;10px&#8221; box_shadow_blur=&#8221;24px&#8221; box_shadow_spread=&#8221;6px&#8221; box_shadow_color=&#8221;rgba(0,0,0,0.06)&#8221; locked=&#8221;off&#8221;][et_pb_column type=&#8221;4_4&#8243; _builder_version=&#8221;3.25&#8243; custom_padding=&#8221;|||&#8221; custom_padding__hover=&#8221;|||&#8221;][et_pb_text _builder_version=&#8221;4.9.3&#8243; text_font=&#8221;Open Sans||||||||&#8221; text_text_color=&#8221;#486066&#8243; text_font_size=&#8221;15px&#8221; text_line_height=&#8221;1.8em&#8221; header_font=&#8221;Open Sans||||||||&#8221; header_text_align=&#8221;center&#8221; header_3_font=&#8221;Roboto|600|||||||&#8221; header_3_text_color=&#8221;#486066&#8243; header_3_font_size=&#8221;18px&#8221; header_3_line_height=&#8221;1.4em&#8221; header_4_font=&#8221;Roboto||||||||&#8221; locked=&#8221;off&#8221;]<\/p>\n<h1 class=\"cmsmasters_heading\">Fachausschuss<\/h1>\n<p>[\/et_pb_text][\/et_pb_column][\/et_pb_row][et_pb_row column_structure=&#8221;1_4,3_4&#8243; admin_label=&#8221;Class&#8221; _builder_version=&#8221;3.25&#8243; background_color=&#8221;#ffffff&#8221; custom_margin=&#8221;||60px|&#8221; custom_padding=&#8221;|40px||40px&#8221; animation_style=&#8221;fade&#8221; border_radii=&#8221;on|6px|6px|6px|6px&#8221; box_shadow_style=&#8221;preset1&#8243; box_shadow_vertical=&#8221;10px&#8221; box_shadow_blur=&#8221;24px&#8221; box_shadow_spread=&#8221;6px&#8221; box_shadow_color=&#8221;rgba(0,0,0,0.06)&#8221; locked=&#8221;off&#8221;][et_pb_column type=&#8221;1_4&#8243; _builder_version=&#8221;3.25&#8243; custom_padding=&#8221;|||&#8221; custom_padding__hover=&#8221;|||&#8221;][et_pb_image src=&#8221;https:\/\/www.bmhs-aktuell.at\/wp-content\/uploads\/2021\/05\/info-31185_1280.png&#8221; title_text=&#8221;pin&#8221; _builder_version=&#8221;4.9.3&#8243; _module_preset=&#8221;default&#8221; width=&#8221;30%&#8221; width_tablet=&#8221;12%&#8221; width_phone=&#8221;14%&#8221; width_last_edited=&#8221;on|phone&#8221; module_alignment=&#8221;center&#8221; global_module=&#8221;1215&#8243; saved_tabs=&#8221;all&#8221;][\/et_pb_image][\/et_pb_column][et_pb_column type=&#8221;3_4&#8243; _builder_version=&#8221;3.25&#8243; custom_padding=&#8221;|||&#8221; custom_padding__hover=&#8221;|||&#8221;][et_pb_text _builder_version=&#8221;4.9.3&#8243; text_font=&#8221;Open Sans||||||||&#8221; text_text_color=&#8221;#486066&#8243; text_font_size=&#8221;15px&#8221; text_line_height=&#8221;1.8em&#8221; header_font=&#8221;||||||||&#8221; header_3_font=&#8221;Roboto|600|||||||&#8221; header_3_text_color=&#8221;#486066&#8243; header_3_font_size=&#8221;18px&#8221; header_3_line_height=&#8221;1.4em&#8221; header_4_font=&#8221;Roboto||||||||&#8221; locked=&#8221;off&#8221;]<\/p>\n<div id=\"cmsmasters_row_6090226e298482_00733648\" class=\"cmsmasters_row cmsmasters_color_scheme_default cmsmasters_row_top_default cmsmasters_row_bot_default cmsmasters_row_boxed\">\n<div class=\"cmsmasters_row_outer_parent\">\n<div class=\"cmsmasters_row_outer\">\n<div class=\"cmsmasters_row_inner\">\n<div class=\"cmsmasters_row_margin cmsmasters_11\">\n<div class=\"cmsmasters_column one_first\">\n<div class=\"cmsmasters_text\">\n<div class=\"twelve columns\" data-parallax_sense=\"30\">\n<div class=\"wpb_wrapper\">\n<div class=\"wpb_text_column wpb_content_element vc_custom_1463142732903\">\n<div class=\"wpb_wrapper\">\n<p class=\"cmsmasters_heading\">Fachausschuss bei der Bildungsdirektion f\u00fcr Burgenland<br \/>f\u00fcr Bundeslehrerinnen und -lehrer an BMHS<br \/>Kernausteig 3<br \/>7000 Eisenstadt<br \/><a href=\"mailto:office.fabmhs@bildung-bgld.gv.at\">office.fabmhs@bildung-bgld.gv.at<\/a><\/p>\n<\/div>\n<\/div>\n<\/div>\n<\/div>\n<\/div>\n<\/div>\n<\/div>\n<\/div>\n<\/div>\n<\/div>\n<\/div>\n<p>[\/et_pb_text][\/et_pb_column][\/et_pb_row][et_pb_row admin_label=&#8221;Class&#8221; _builder_version=&#8221;3.25&#8243; background_color=&#8221;#ffffff&#8221; custom_margin=&#8221;||60px|&#8221; custom_padding=&#8221;|40px||40px&#8221; animation_style=&#8221;fade&#8221; border_radii=&#8221;on|6px|6px|6px|6px&#8221; box_shadow_style=&#8221;preset1&#8243; box_shadow_vertical=&#8221;10px&#8221; box_shadow_blur=&#8221;24px&#8221; box_shadow_spread=&#8221;6px&#8221; box_shadow_color=&#8221;rgba(0,0,0,0.06)&#8221; locked=&#8221;off&#8221;][et_pb_column type=&#8221;4_4&#8243; _builder_version=&#8221;3.25&#8243; custom_padding=&#8221;|||&#8221; custom_padding__hover=&#8221;|||&#8221;][et_pb_code _builder_version=&#8221;4.9.3&#8243; _module_preset=&#8221;default&#8221;] <div class=\"tmm tmm_burgenland-fachausschuss\"><div class=\"tmm_4_columns tmm_wrap tmm_plugin_f\"><span class=\"tmm_two_containers_tablet\"><\/span><div class=\"tmm_container\"><div class=\"tmm_member\" style=\"border-top:#55871e solid 5px;\"><div class=\"tmm_photo tmm_pic_burgenland-fachausschuss_0\" style=\"background: url(https:\/\/www.bmhs-aktuell.at\/wp-content\/uploads\/2021\/05\/kolonovits-zugeschnitten.jpg); margin-left: auto; margin-right:auto; background-size:cover !important;\"><\/div><div class=\"tmm_textblock\"><div class=\"tmm_names\"><span class=\"tmm_fname\">DI Walter<\/span> <span class=\"tmm_lname\">Kolonovits<\/span><\/div><div class=\"tmm_job\">Vorsitzender<\/div><div class=\"tmm_desc\" style=\"text-align:\"><div class=\"tmm_desc\"><p>HTBLA Eisenstadt<br>Bad Kissingenplatz 3<br>7000 Eisenstadt<br>Tel.: 02682\/ 64605<br>Fax: 02682\/ 64605 -47<br>Mobil.: 0676 5490884<\/p><\/div><\/div><div class=\"tmm_scblock\"><a class=\"tmm_sociallink\" href=\"mailto:walter.kolonovits@my.goed.at\" title=\"Email\"><img decoding=\"async\" alt=\"Email\" src=\"https:\/\/www.bmhs-aktuell.at\/wp-content\/plugins\/team-members\/inc\/img\/links\/email.png\"\/><\/a><\/div><\/div><\/div><div class=\"tmm_member\" style=\"border-top:#55871e solid 5px;\"><div class=\"tmm_photo tmm_pic_burgenland-fachausschuss_1\" style=\"background: url(https:\/\/www.bmhs-aktuell.at\/wp-content\/uploads\/2021\/05\/foto_pimperl-1.jpg); margin-left: auto; margin-right:auto; background-size:cover !important;\"><\/div><div class=\"tmm_textblock\"><div class=\"tmm_names\"><span class=\"tmm_fname\">Mag. Judith<\/span> <span class=\"tmm_lname\">Pimperl<\/span><\/div><div class=\"tmm_job\">Vorsitzender Stellvertreterin<\/div><div class=\"tmm_desc\" style=\"text-align:\"><p>HTBLA Pinkafeld<br>Meierhofplatz 1<br>7423 Pinkafeld<br>Tel.: 03357 \/ 42491<br>Fax: 03357 \/ 42491 \u2013 115<\/p><\/div><div class=\"tmm_scblock\"><a class=\"tmm_sociallink\" href=\"mailto:judith.pimperl@htlpinkafeld.at\" title=\"Email\"><img decoding=\"async\" alt=\"Email\" src=\"https:\/\/www.bmhs-aktuell.at\/wp-content\/plugins\/team-members\/inc\/img\/links\/email.png\"\/><\/a><\/div><\/div><\/div><span class=\"tmm_two_containers_tablet\"><\/span><div class=\"tmm_member\" style=\"border-top:#55871e solid 5px;\"><div class=\"tmm_photo tmm_pic_burgenland-fachausschuss_2\" style=\"background: url(https:\/\/www.bmhs-aktuell.at\/wp-content\/uploads\/2021\/05\/joseffrank3-150x200-1.jpg); margin-left: auto; margin-right:auto; background-size:cover !important;\"><\/div><div class=\"tmm_textblock\"><div class=\"tmm_names\"><span class=\"tmm_fname\">Mag. Josef<\/span> <span class=\"tmm_lname\">Frank<\/span><\/div><div class=\"tmm_job\">Schriftf\u00fchrer<\/div><div class=\"tmm_desc\" style=\"text-align:\"><p>Pannoneum<br>Bundesschulstra\u00dfe 4<br>7100 Neusiedl am See<br>Tel.: 02167\/ 8257<br>Fax: 02167\/ 8257 -27<\/p><\/div><div class=\"tmm_scblock\"><a class=\"tmm_sociallink\" href=\"mailto:josef.frank@pannoneum.at\" title=\"Email\"><img decoding=\"async\" alt=\"Email\" src=\"https:\/\/www.bmhs-aktuell.at\/wp-content\/plugins\/team-members\/inc\/img\/links\/email.png\"\/><\/a><\/div><\/div><\/div><div class=\"tmm_member\" style=\"border-top:#55871e solid 5px;\"><div class=\"tmm_photo tmm_pic_burgenland-fachausschuss_3\" style=\"background: url(https:\/\/www.bmhs-aktuell.at\/wp-content\/uploads\/2021\/05\/romanspoerk.jpg); margin-left: auto; margin-right:auto; background-size:cover !important;\"><\/div><div class=\"tmm_textblock\"><div class=\"tmm_names\"><span class=\"tmm_fname\">Dipl.-P\u00e4d. Roman<\/span> <span class=\"tmm_lname\">Sp\u00f6rk<\/span><\/div><div class=\"tmm_job\">Mitglied<\/div><div class=\"tmm_desc\" style=\"text-align:\"><p>HTBLA Pinkafeld<br>Meierhofplatz 1<br>7423 Pinkafeld<br>Tel.: 03357 \/ 42491<br>Fax: 03357 \/ 42491 \u2013 115<\/p><\/div><div class=\"tmm_scblock\"><a class=\"tmm_sociallink\" href=\"mailto:roman.spoerk@htlpinkafeld.at\" title=\"Email\"><img decoding=\"async\" alt=\"Email\" src=\"https:\/\/www.bmhs-aktuell.at\/wp-content\/plugins\/team-members\/inc\/img\/links\/email.png\"\/><\/a><\/div><\/div><\/div><div style=\"clear:both;\"><\/div><\/div><\/div><\/div>[\/et_pb_code][\/et_pb_column][\/et_pb_row][et_pb_row admin_label=&#8221;Class&#8221; _builder_version=&#8221;4.9.3&#8243; background_color=&#8221;#ffffff&#8221; custom_margin=&#8221;||20px||false|false&#8221; custom_padding=&#8221;|40px||40px&#8221; animation_style=&#8221;fade&#8221; border_radii=&#8221;on|6px|6px|6px|6px&#8221; box_shadow_style=&#8221;preset1&#8243; box_shadow_vertical=&#8221;10px&#8221; box_shadow_blur=&#8221;24px&#8221; box_shadow_spread=&#8221;6px&#8221; box_shadow_color=&#8221;rgba(0,0,0,0.06)&#8221; locked=&#8221;off&#8221;][et_pb_column type=&#8221;4_4&#8243; _builder_version=&#8221;3.25&#8243; custom_padding=&#8221;|||&#8221; custom_padding__hover=&#8221;|||&#8221;][et_pb_text _builder_version=&#8221;4.9.3&#8243; text_font=&#8221;Open Sans||||||||&#8221; text_text_color=&#8221;#486066&#8243; text_font_size=&#8221;15px&#8221; text_line_height=&#8221;1.8em&#8221; header_font=&#8221;Open Sans||||||||&#8221; header_text_align=&#8221;center&#8221; header_3_font=&#8221;Roboto|600|||||||&#8221; header_3_text_color=&#8221;#486066&#8243; header_3_font_size=&#8221;18px&#8221; header_3_line_height=&#8221;1.4em&#8221; header_4_font=&#8221;Roboto||||||||&#8221; locked=&#8221;off&#8221;]<\/p>\n<h1 class=\"cmsmasters_heading\">Landesleitung<\/h1>\n<p>[\/et_pb_text][\/et_pb_column][\/et_pb_row][et_pb_row column_structure=&#8221;1_4,3_4&#8243; admin_label=&#8221;Class&#8221; _builder_version=&#8221;3.25&#8243; background_color=&#8221;#ffffff&#8221; custom_margin=&#8221;||60px|&#8221; custom_padding=&#8221;|40px||40px&#8221; animation_style=&#8221;fade&#8221; border_radii=&#8221;on|6px|6px|6px|6px&#8221; box_shadow_style=&#8221;preset1&#8243; box_shadow_vertical=&#8221;10px&#8221; box_shadow_blur=&#8221;24px&#8221; box_shadow_spread=&#8221;6px&#8221; box_shadow_color=&#8221;rgba(0,0,0,0.06)&#8221; locked=&#8221;off&#8221;][et_pb_column type=&#8221;1_4&#8243; _builder_version=&#8221;3.25&#8243; custom_padding=&#8221;|||&#8221; custom_padding__hover=&#8221;|||&#8221;][et_pb_image src=&#8221;https:\/\/www.bmhs-aktuell.at\/wp-content\/uploads\/2021\/05\/info-31185_1280.png&#8221; title_text=&#8221;pin&#8221; _builder_version=&#8221;4.9.3&#8243; _module_preset=&#8221;default&#8221; width=&#8221;30%&#8221; width_tablet=&#8221;12%&#8221; width_phone=&#8221;14%&#8221; width_last_edited=&#8221;on|phone&#8221; module_alignment=&#8221;center&#8221; global_module=&#8221;1215&#8243; saved_tabs=&#8221;all&#8221;][\/et_pb_image][\/et_pb_column][et_pb_column type=&#8221;3_4&#8243; _builder_version=&#8221;3.25&#8243; custom_padding=&#8221;|||&#8221; custom_padding__hover=&#8221;|||&#8221;][et_pb_text _builder_version=&#8221;4.9.3&#8243; text_font=&#8221;Open Sans||||||||&#8221; text_text_color=&#8221;#486066&#8243; text_font_size=&#8221;15px&#8221; text_line_height=&#8221;1.8em&#8221; header_font=&#8221;||||||||&#8221; header_3_font=&#8221;Roboto|600|||||||&#8221; header_3_text_color=&#8221;#486066&#8243; header_3_font_size=&#8221;18px&#8221; header_3_line_height=&#8221;1.4em&#8221; header_4_font=&#8221;Roboto||||||||&#8221; locked=&#8221;off&#8221;]<\/p>\n<p><strong>Gewerkschaft \u00d6ffentlicher Dienst<\/strong><\/p>\n<p>Landesleitung 14 \u2013 Burgenland<br \/>Bundeslehrer\/innen an berufsbildenden mittleren und h\u00f6heren Schulen<\/p>\n<p align=\"left\">Wiener Stra\u00dfe 7<br \/>7000 Eisenstadt<\/p>\n<p align=\"left\">Tel.: 02682 62611<br \/>Fax: 02682 770-15<\/p>\n<p>Beim Landestag der BMHS-Gewerkschaft am 19. Februar 2021 (Online-Veranstaltung) wurde die Landesleitung 14 \u2013 BMHS Gewerkschaft Burgenland f\u00fcr die kommenden f\u00fcnf Jahre neu gew\u00e4hlt und bestellt.<\/p>\n<p>[\/et_pb_text][\/et_pb_column][\/et_pb_row][et_pb_row admin_label=&#8221;Class&#8221; _builder_version=&#8221;3.25&#8243; background_color=&#8221;#ffffff&#8221; custom_margin=&#8221;||60px|&#8221; custom_padding=&#8221;|40px||40px&#8221; animation_style=&#8221;fade&#8221; border_radii=&#8221;on|6px|6px|6px|6px&#8221; box_shadow_style=&#8221;preset1&#8243; box_shadow_vertical=&#8221;10px&#8221; box_shadow_blur=&#8221;24px&#8221; box_shadow_spread=&#8221;6px&#8221; box_shadow_color=&#8221;rgba(0,0,0,0.06)&#8221; locked=&#8221;off&#8221;][et_pb_column type=&#8221;4_4&#8243; _builder_version=&#8221;3.25&#8243; custom_padding=&#8221;|||&#8221; custom_padding__hover=&#8221;|||&#8221;][et_pb_code _builder_version=&#8221;4.9.3&#8243; _module_preset=&#8221;default&#8221;] <div class=\"tmm tmm_burgenland-landesleitung\"><div class=\"tmm_4_columns tmm_wrap tmm_plugin_f\"><span class=\"tmm_two_containers_tablet\"><\/span><div class=\"tmm_container\"><div class=\"tmm_member\" style=\"border-top:#55871e solid 5px;\"><div class=\"tmm_photo tmm_pic_burgenland-landesleitung_0\" style=\"background: url(https:\/\/www.bmhs-aktuell.at\/wp-content\/uploads\/2021\/05\/kolonovits-zugeschnitten.jpg); margin-left: auto; margin-right:auto; background-size:cover !important;\"><\/div><div class=\"tmm_textblock\"><div class=\"tmm_names\"><span class=\"tmm_fname\">DI Walter<\/span> <span class=\"tmm_lname\">Kolonovits<\/span><\/div><div class=\"tmm_job\">Vorsitzender<\/div><div class=\"tmm_desc\" style=\"text-align:\"><p>HTBLA Eisenstadt<br>Bad Kissingenplatz 3<br>7000 Eisenstadt<br>Tel.: 02682\/ 64605<br>Fax: 02682\/ 64605 -47<\/p><\/div><div class=\"tmm_scblock\"><a class=\"tmm_sociallink\" href=\"mailto:walter.kolonovits@my.goed.at\" title=\"Email\"><img decoding=\"async\" alt=\"Email\" src=\"https:\/\/www.bmhs-aktuell.at\/wp-content\/plugins\/team-members\/inc\/img\/links\/email.png\"\/><\/a><\/div><\/div><\/div><div class=\"tmm_member\" style=\"border-top:#55871e solid 5px;\"><div class=\"tmm_photo tmm_pic_burgenland-landesleitung_1\" style=\"background: url(https:\/\/www.bmhs-aktuell.at\/wp-content\/uploads\/2021\/05\/joseffrank3-150x200-1.jpg); margin-left: auto; margin-right:auto; background-size:cover !important;\"><\/div><div class=\"tmm_textblock\"><div class=\"tmm_names\"><span class=\"tmm_fname\">Mag. Josef<\/span> <span class=\"tmm_lname\">Frank<\/span><\/div><div class=\"tmm_job\">Schriftf\u00fchrer<\/div><div class=\"tmm_desc\" style=\"text-align:\"><p>Pannoneum<br>Bundesschulstra\u00dfe 4<br>7100 Neusiedl am See<br>Tel.: 02167\/ 8257<br>Fax: 02167\/ 8257 -27<\/p><\/div><div class=\"tmm_scblock\"><a class=\"tmm_sociallink\" href=\"mailto:josef.frank@pannoneum.at\" title=\"Email\"><img decoding=\"async\" alt=\"Email\" src=\"https:\/\/www.bmhs-aktuell.at\/wp-content\/plugins\/team-members\/inc\/img\/links\/email.png\"\/><\/a><\/div><\/div><\/div><span class=\"tmm_two_containers_tablet\"><\/span><div class=\"tmm_member\" style=\"border-top:#55871e solid 5px;\"><div class=\"tmm_textblock\"><div class=\"tmm_names\"><span class=\"tmm_fname\">Mag. Daniela<\/span> <span class=\"tmm_lname\">Graf<\/span><\/div><div class=\"tmm_job\">Mitglied<\/div><div class=\"tmm_desc\" style=\"text-align:\"><p>HTBLA Eisenstadt<br>Bad Kissingenplatz 3<br>7000 Eisenstadt<br>Tel.: 02682\/ 64605<br>Fax: 02682\/ 64605 -47<\/p><\/div><div class=\"tmm_scblock\"><a class=\"tmm_sociallink\" href=\"mailto:daniela.graf@htleisenstadt.at\" title=\"Email\"><img decoding=\"async\" alt=\"Email\" src=\"https:\/\/www.bmhs-aktuell.at\/wp-content\/plugins\/team-members\/inc\/img\/links\/email.png\"\/><\/a><\/div><\/div><\/div><div class=\"tmm_member\" style=\"border-top:#55871e solid 5px;\"><div class=\"tmm_textblock\"><div class=\"tmm_names\"><span class=\"tmm_fname\">Mag. Werner<\/span> <span class=\"tmm_lname\">Kamper<\/span><\/div><div class=\"tmm_job\">Mitglied<\/div><div class=\"tmm_desc\" style=\"text-align:\"><p>HTL Pinkafeld<\/p><\/div><div class=\"tmm_scblock\"><a class=\"tmm_sociallink\" href=\"mailto:werner.kamper@htlpinkafeld.at\" title=\"Email\"><img decoding=\"async\" alt=\"Email\" src=\"https:\/\/www.bmhs-aktuell.at\/wp-content\/plugins\/team-members\/inc\/img\/links\/email.png\"\/><\/a><\/div><\/div><\/div><span class=\"tmm_two_containers_tablet\"><\/span><\/div><span class=\"tmm_columns_containers_desktop\"><\/span><div class=\"tmm_container\"><div class=\"tmm_member\" style=\"border-top:#55871e solid 5px;\"><div class=\"tmm_textblock\"><div class=\"tmm_names\"><span class=\"tmm_fname\">Mag. Eva Maria<\/span> <span class=\"tmm_lname\">Kneisz<\/span><\/div><div class=\"tmm_job\">Mitglied<\/div><div class=\"tmm_desc\" style=\"text-align:\"><p>BHAK BHAS Oberpullendorf<\/p><\/div><div class=\"tmm_scblock\"><a class=\"tmm_sociallink\" href=\"mailto:eva.kneisz@hak-op.at\" title=\"Email\"><img decoding=\"async\" alt=\"Email\" src=\"https:\/\/www.bmhs-aktuell.at\/wp-content\/plugins\/team-members\/inc\/img\/links\/email.png\"\/><\/a><\/div><\/div><\/div><div class=\"tmm_member\" style=\"border-top:#55871e solid 5px;\"><div class=\"tmm_textblock\"><div class=\"tmm_names\"><span class=\"tmm_fname\">Mag. Bettina<\/span> <span class=\"tmm_lname\">Martin<\/span><\/div><div class=\"tmm_job\">Mitglied<\/div><div class=\"tmm_desc\" style=\"text-align:\"><p>BHAK BHAS Oberwart<\/p><\/div><div class=\"tmm_scblock\"><a class=\"tmm_sociallink\" href=\"mailto:martinbetty@yahoo.com\" title=\"Email\"><img decoding=\"async\" alt=\"Email\" src=\"https:\/\/www.bmhs-aktuell.at\/wp-content\/plugins\/team-members\/inc\/img\/links\/email.png\"\/><\/a><\/div><\/div><\/div><div style=\"clear:both;\"><\/div><\/div><\/div><\/div>[\/et_pb_code][\/et_pb_column][\/et_pb_row][\/et_pb_section]<\/p>\n","protected":false},"excerpt":{"rendered":"<p>[et_pb_section fb_built=&#8221;1&#8243; _builder_version=&#8221;4.9.3&#8243; _module_preset=&#8221;default&#8221; custom_padding=&#8221;5px||0px||false|false&#8221; locked=&#8221;off&#8221;][et_pb_row _builder_version=&#8221;4.9.3&#8243; _module_preset=&#8221;default&#8221; width=&#8221;100%&#8221; module_alignment=&#8221;center&#8221; custom_padding=&#8221;0px||0px||false|false&#8221; locked=&#8221;off&#8221;][et_pb_column type=&#8221;4_4&#8243; _builder_version=&#8221;4.6.6&#8243; _module_preset=&#8221;default&#8221;][et_pb_text quote_border_color=&#8221;#55871E&#8221; _builder_version=&#8221;4.9.3&#8243; _module_preset=&#8221;default&#8221; text_font=&#8221;Roboto||||||||&#8221; custom_margin_tablet=&#8221;|||80px|false|false&#8221; custom_margin_phone=&#8221;&#8221; custom_margin_last_edited=&#8221;on|phone&#8221; custom_padding=&#8221;0px||0px||false|false&#8221; header_font_size_tablet=&#8221;&#8221; header_font_size_phone=&#8221;24px&#8221; header_font_size_last_edited=&#8221;on|phone&#8221; header_text_color__hover_enabled=&#8221;on|desktop&#8221;] Burgenland [\/et_pb_text][\/et_pb_column][\/et_pb_row][et_pb_row _builder_version=&#8221;4.9.3&#8243; [&hellip;]<\/p>\n","protected":false},"author":2,"featured_media":0,"parent":0,"menu_order":0,"comment_status":"closed","ping_status":"closed","template":"","meta":{"_et_pb_use_builder":"on","_et_pb_old_content":"<!-- wp:divi\/placeholder \/-->","_et_gb_content_width":"","_price":"","_stock":"","_tribe_ticket_header":"","_tribe_default_ticket_provider":"","_tribe_ticket_capacity":"0","_ticket_start_date":"","_ticket_end_date":"","_tribe_ticket_show_description":"","_tribe_ticket_show_not_going":false,"_tribe_ticket_use_global_stock":"","_tribe_ticket_global_stock_level":"","_global_stock_mode":"","_global_stock_cap":"","_tribe_rsvp_for_event":"","_tribe_ticket_going_count":"","_tribe_ticket_not_going_count":"","_tribe_tickets_list":[],"_tribe_ticket_has_attendee_info_fields":false,"footnotes":""},"class_list":["post-1293","page","type-page","status-publish","hentry"],"ticketed":false,"_links":{"self":[{"href":"https:\/\/www.bmhs-aktuell.at\/index.php?rest_route=\/wp\/v2\/pages\/1293","targetHints":{"allow":["GET"]}}],"collection":[{"href":"https:\/\/www.bmhs-aktuell.at\/index.php?rest_route=\/wp\/v2\/pages"}],"about":[{"href":"https:\/\/www.bmhs-aktuell.at\/index.php?rest_route=\/wp\/v2\/types\/page"}],"author":[{"embeddable":true,"href":"https:\/\/www.bmhs-aktuell.at\/index.php?rest_route=\/wp\/v2\/users\/2"}],"replies":[{"embeddable":true,"href":"https:\/\/www.bmhs-aktuell.at\/index.php?rest_route=%2Fwp%2Fv2%2Fcomments&post=1293"}],"version-history":[{"count":5,"href":"https:\/\/www.bmhs-aktuell.at\/index.php?rest_route=\/wp\/v2\/pages\/1293\/revisions"}],"predecessor-version":[{"id":2139,"href":"https:\/\/www.bmhs-aktuell.at\/index.php?rest_route=\/wp\/v2\/pages\/1293\/revisions\/2139"}],"wp:attachment":[{"href":"https:\/\/www.bmhs-aktuell.at\/index.php?rest_route=%2Fwp%2Fv2%2Fmedia&parent=1293"}],"curies":[{"name":"wp","href":"https:\/\/api.w.org\/{rel}","templated":true}]}}